{"id":14,"date":"2014-01-16T20:49:27","date_gmt":"2014-01-16T18:49:27","guid":{"rendered":"http:\/\/mobile-hundeschule-oberpfalz.de\/huschu\/?page_id=14"},"modified":"2014-01-16T20:49:27","modified_gmt":"2014-01-16T18:49:27","slug":"methoden","status":"publish","type":"page","link":"https:\/\/mobile-hundeschule-oberpfalz.de\/?page_id=14","title":{"rendered":"Methoden"},"content":{"rendered":"<p>Grundvoraussetzung, ob ein Hund auf seinen Besitzer h\u00f6rt ist eine gute Bindung zwischen Hund und Halter.<br \/>\nUnser bew\u00e4hrtes Bindungstraining st\u00e4rkt diese.<\/p>\n<p>Durch konsequentes Training lernt Ihr Hund freiwillig gerne auf Sie zu achten, Kommandos werden \u00fcberfl\u00fcssig.<br \/>\nSie werden zum Mittelpunkt im Leben Ihres Hundes und wichtiger als alle Ablenkungen, wie Radfahrer, Jogger<br \/>\nund andere Hunde. Sobald Ihr Hund Sie als souver\u00e4nen &#8222;Rudelf\u00fchrer&#8220; anerkennt, kann er allt\u00e4gliche Situationen<br \/>\ngemeinsam mit Ihnen stressfrei meistern.<\/p>\n<ul>\n<li><b>\u00c4ngstliche Hunde werden selbstsicherer.<\/b><\/li>\n<li><b>Dominante Hunde lernen sich unterzuordnen.<\/b><\/li>\n<li><b>Nerv\u00f6se Hunde werden ruhig und ausgeglichen.<\/b><\/li>\n<\/ul>\n<p>Der Sinn unseres Erziehungskurses besteht darin, Ihnen den richtigen Umgang mit Ihrem Hund beizubringen, so dass Sie selbst in<br \/>\nder Lage sind, Ihren Hund zu erziehen. <span style=\"text-decoration: underline;\">Der Hund ist das, was der Mensch aus ihm macht.<\/span><\/p>\n<p>Unser praxisbezogenes Hundetraining soll Ihrem Hund in der allt\u00e4glichen Umgebung lernen, besser zu gehorchen.<\/p>\n<h3>Wir machen Hunde alltagstauglich!<\/h3>\n","protected":false},"excerpt":{"rendered":"<p>Grundvoraussetzung, ob ein Hund auf seinen Besitzer h\u00f6rt ist eine gute Bindung zwischen Hund und Halter. Unser bew\u00e4hrtes Bindungstraining st\u00e4rkt diese. Durch konsequentes Training lernt Ihr Hund freiwillig gerne auf Sie zu achten, Kommandos werden \u00fcberfl\u00fcssig. Sie werden zum Mittelpunkt im Leben Ihres Hundes und wichtiger als alle Ablenkungen, wie Radfahrer, Jogger und andere Hunde. [&hellip;]<\/p>\n","protected":false},"author":1,"featured_media":0,"parent":0,"menu_order":0,"comment_status":"closed","ping_status":"closed","template":"1spaltig.php","meta":{"footnotes":""},"class_list":["post-14","page","type-page","status-publish","hentry"],"_links":{"self":[{"href":"https:\/\/mobile-hundeschule-oberpfalz.de\/index.php?rest_route=\/wp\/v2\/pages\/14","targetHints":{"allow":["GET"]}}],"collection":[{"href":"https:\/\/mobile-hundeschule-oberpfalz.de\/index.php?rest_route=\/wp\/v2\/pages"}],"about":[{"href":"https:\/\/mobile-hundeschule-oberpfalz.de\/index.php?rest_route=\/wp\/v2\/types\/page"}],"author":[{"embeddable":true,"href":"https:\/\/mobile-hundeschule-oberpfalz.de\/index.php?rest_route=\/wp\/v2\/users\/1"}],"replies":[{"embeddable":true,"href":"https:\/\/mobile-hundeschule-oberpfalz.de\/index.php?rest_route=%2Fwp%2Fv2%2Fcomments&post=14"}],"version-history":[{"count":2,"href":"https:\/\/mobile-hundeschule-oberpfalz.de\/index.php?rest_route=\/wp\/v2\/pages\/14\/revisions"}],"predecessor-version":[{"id":125,"href":"https:\/\/mobile-hundeschule-oberpfalz.de\/index.php?rest_route=\/wp\/v2\/pages\/14\/revisions\/125"}],"wp:attachment":[{"href":"https:\/\/mobile-hundeschule-oberpfalz.de\/index.php?rest_route=%2Fwp%2Fv2%2Fmedia&parent=14"}],"curies":[{"name":"wp","href":"https:\/\/api.w.org\/{rel}","templated":true}]}}