{"id":16,"date":"2014-01-16T20:54:35","date_gmt":"2014-01-16T18:54:35","guid":{"rendered":"http:\/\/mobile-hundeschule-oberpfalz.de\/huschu\/?page_id=16"},"modified":"2014-07-02T13:21:46","modified_gmt":"2014-07-02T11:21:46","slug":"angebote","status":"publish","type":"page","link":"https:\/\/mobile-hundeschule-oberpfalz.de\/?page_id=16","title":{"rendered":"Angebote"},"content":{"rendered":"<p><strong>Kostenlose Schnupperstunde bei Ihnen zu Hause!<\/strong><br \/>\nUnserem Training geht immer ein pers\u00f6nliches Beratungsgespr\u00e4ch bei Ihnen zu Hause, in der gewohnten<br \/>\nUmgebung Ihres Hundes voran. Bei diesem ersten &#8222;Kennen lernen&#8220; k\u00f6nnen Einzelheiten in Ruhe<br \/>\nbesprochen sowie aufkommende Fragen gekl\u00e4rt werden.<\/p>\n<ul>\n<li><strong>Problembehandlung<\/strong><br \/>\nDie Zielsetzung besteht darin, unerw\u00fcnschtes Verhalten Ihres Hundes durch unsere einzigartige<br \/>\nErziehungsmethode abzustellen. Durch einfache \u00dcbungen bei Ihnen zu Hause, werden<br \/>\nbestehende Probleme gel\u00f6st und die erw\u00fcnschten Verhaltensweisen gefestigt. Hunde sind<br \/>\nIndividuen. Deshalb muss das Training auf die Veranlagung des jeweiligen<br \/>\nHundes zugeschnitten sein.<\/li>\n<li><strong>Welpen- und Junghunderziehung<\/strong><br \/>\nBei der Welpenerziehung wird Ihr Welpe an die Leine gew\u00f6hnt und die Bindung zu Ihnen gest\u00e4rkt.<br \/>\nGemeinsam erleben und meistern wir mit Ihnen und Ihrem Welpen oder Junghund viele verschiedene Alltagssituationen,<br \/>\ntrainieren die Leinenf\u00fchrigkeit und den ersten Grundgehorsam, wie z. B. das zuverl\u00e4ssige Abrufen Ihres Hundes.<br \/>\nDas Training wird immer auf Ihre pers\u00f6nlichen W\u00fcnsche abgestimmt. Bedenken Sie, je eher Sie mit dem Training<br \/>\nIhres Hundes anfangen, umso weniger Verhaltensauff\u00e4lligkeiten wird Ihr Hund an den Tag legen.<\/li>\n<li><strong>Gruppenstunden<\/strong><br \/>\nSobald das h\u00e4usliche Training den gew\u00fcnschten Erfolg zeigt, werden Sie mit Ihrem Hund an unseren<br \/>\nGruppenstunden teilnehmen. Wir \u00fcben in den unterschiedlichsten Umgebungen und werden das Gelernte festigen.<br \/>\nWir organisieren gemeinsame Stadtbesuche, Wanderungen, Besuch in Gastst\u00e4tten \/ Bierg\u00e4rten,<br \/>\nZoobesuche und vieles mehr&#8230; Lassen Sie sich \u00fcberraschen!<\/li>\n<li><strong>Resozialisierung von Strassen- und Zwingerhunden<\/strong><br \/>\nGerade bei Hunden deren Vorgeschichte nur teilweise oder gar nicht bekannt ist, m\u00fcssen die Trainingsinhalte genau auf deren<br \/>\nBed\u00fcrfnisse abgestimmt werden. Wir helfen diesen Hunden, sich in unserer &#8222;Zivilisation&#8220; zurecht zu finden und f\u00fchren<br \/>\nsie langsam in ihr neues Leben ein, damit sie lernen, selbstbewusst und ohne Angst jede noch so unbekannte Situation zu<br \/>\nmeistern.<\/li>\n<li><strong>Vorbereitung auf den Wesenstest <\/strong><br \/>\nWir bereiten Sie und Ihren &#8222;Kampfschmuser&#8220; auf den Wesenstest vor und begleiten Sie zur Abnahme des Tests.<\/li>\n<\/ul>\n","protected":false},"excerpt":{"rendered":"<p>Kostenlose Schnupperstunde bei Ihnen zu Hause! Unserem Training geht immer ein pers\u00f6nliches Beratungsgespr\u00e4ch bei Ihnen zu Hause, in der gewohnten Umgebung Ihres Hundes voran. Bei diesem ersten &#8222;Kennen lernen&#8220; k\u00f6nnen Einzelheiten in Ruhe besprochen sowie aufkommende Fragen gekl\u00e4rt werden. Problembehandlung Die Zielsetzung besteht darin, unerw\u00fcnschtes Verhalten Ihres Hundes durch unsere einzigartige Erziehungsmethode abzustellen. Durch einfache [&hellip;]<\/p>\n","protected":false},"author":1,"featured_media":0,"parent":0,"menu_order":0,"comment_status":"closed","ping_status":"closed","template":"1spaltig.php","meta":{"footnotes":""},"class_list":["post-16","page","type-page","status-publish","hentry"],"_links":{"self":[{"href":"https:\/\/mobile-hundeschule-oberpfalz.de\/index.php?rest_route=\/wp\/v2\/pages\/16","targetHints":{"allow":["GET"]}}],"collection":[{"href":"https:\/\/mobile-hundeschule-oberpfalz.de\/index.php?rest_route=\/wp\/v2\/pages"}],"about":[{"href":"https:\/\/mobile-hundeschule-oberpfalz.de\/index.php?rest_route=\/wp\/v2\/types\/page"}],"author":[{"embeddable":true,"href":"https:\/\/mobile-hundeschule-oberpfalz.de\/index.php?rest_route=\/wp\/v2\/users\/1"}],"replies":[{"embeddable":true,"href":"https:\/\/mobile-hundeschule-oberpfalz.de\/index.php?rest_route=%2Fwp%2Fv2%2Fcomments&post=16"}],"version-history":[{"count":4,"href":"https:\/\/mobile-hundeschule-oberpfalz.de\/index.php?rest_route=\/wp\/v2\/pages\/16\/revisions"}],"predecessor-version":[{"id":242,"href":"https:\/\/mobile-hundeschule-oberpfalz.de\/index.php?rest_route=\/wp\/v2\/pages\/16\/revisions\/242"}],"wp:attachment":[{"href":"https:\/\/mobile-hundeschule-oberpfalz.de\/index.php?rest_route=%2Fwp%2Fv2%2Fmedia&parent=16"}],"curies":[{"name":"wp","href":"https:\/\/api.w.org\/{rel}","templated":true}]}}